{"id":2,"date":"2018-01-16T01:58:17","date_gmt":"2018-01-16T00:58:17","guid":{"rendered":"http:\/\/gem-modeler.com\/?page_id=2"},"modified":"2022-09-02T18:22:16","modified_gmt":"2022-09-02T16:22:16","slug":"page-d-exemple","status":"publish","type":"page","link":"https:\/\/www.gem-modeler.com\/","title":{"rendered":"Bienvenue !"},"content":{"rendered":"<p>&nbsp;<\/p>\n<p style=\"text-align: center;\">Bienvenue sur le site de Gem&rsquo; Modeler !<\/p>\n<p style=\"text-align: center;\">\u00c0 proximit\u00e9 de P\u00e9rigueux, en Dordogne, et vivant la passion de la 3D jusqu&rsquo;au bout, on vous propose la mod\u00e9lisation de pi\u00e8ces des plus utiles (petites pi\u00e8ces de rechange, boitiers et accessoires&#8230;), aux pi\u00e8ces les plus fantaisistes (pendentifs, breloques, objets d\u00e9coratifs&#8230;).<\/p>\n<p style=\"text-align: center;\">On peut aussi vous fournir des pi\u00e8ces imprim\u00e9es en 3D.<\/p>\n<p style=\"text-align: center;\">N&rsquo;h\u00e9sitez pas \u00e0 nous contacter pour une demande particuli\u00e8re et pour les tarifs !<\/p>\n<p>&nbsp;<\/p>\n<p style=\"text-align: center;\" class=\"mentionslegales\"><a href=\"https:\/\/www.gem-modeler.com\/index.php\/mentions-legales\">Mentions l\u00e9gales<\/a><\/p>\n","protected":false},"excerpt":{"rendered":"<p>&nbsp; Bienvenue sur le site de Gem&rsquo; Modeler ! \u00c0 proximit\u00e9 de P\u00e9rigueux, en Dordogne, et vivant la passion de la 3D jusqu&rsquo;au bout, on vous propose la mod\u00e9lisation de pi\u00e8ces des plus utiles (petites pi\u00e8ces de rechange, boitiers et accessoires&#8230;), aux pi\u00e8ces les plus fantaisistes (pendentifs, breloques, objets d\u00e9coratifs&#8230;). On peut aussi vous fournir&hellip; <a href=\"https:\/\/www.gem-modeler.com\/\" class=\"more-link\">Lire la suite <span class=\"screen-reader-text\">Bienvenue !<\/span><\/a><\/p>\n","protected":false},"author":1,"featured_media":0,"parent":0,"menu_order":0,"comment_status":"closed","ping_status":"open","template":"","meta":{"footnotes":""},"tags":[],"class_list":["post-2","page","type-page","status-publish","hentry","without-featured-image"],"_links":{"self":[{"href":"https:\/\/www.gem-modeler.com\/index.php\/wp-json\/wp\/v2\/pages\/2","targetHints":{"allow":["GET"]}}],"collection":[{"href":"https:\/\/www.gem-modeler.com\/index.php\/wp-json\/wp\/v2\/pages"}],"about":[{"href":"https:\/\/www.gem-modeler.com\/index.php\/wp-json\/wp\/v2\/types\/page"}],"author":[{"embeddable":true,"href":"https:\/\/www.gem-modeler.com\/index.php\/wp-json\/wp\/v2\/users\/1"}],"replies":[{"embeddable":true,"href":"https:\/\/www.gem-modeler.com\/index.php\/wp-json\/wp\/v2\/comments?post=2"}],"version-history":[{"count":15,"href":"https:\/\/www.gem-modeler.com\/index.php\/wp-json\/wp\/v2\/pages\/2\/revisions"}],"predecessor-version":[{"id":667,"href":"https:\/\/www.gem-modeler.com\/index.php\/wp-json\/wp\/v2\/pages\/2\/revisions\/667"}],"wp:attachment":[{"href":"https:\/\/www.gem-modeler.com\/index.php\/wp-json\/wp\/v2\/media?parent=2"}],"wp:term":[{"taxonomy":"post_tag","embeddable":true,"href":"https:\/\/www.gem-modeler.com\/index.php\/wp-json\/wp\/v2\/tags?post=2"}],"curies":[{"name":"wp","href":"https:\/\/api.w.org\/{rel}","templated":true}]}}