{"id":33,"date":"2018-01-20T02:03:37","date_gmt":"2018-01-20T01:03:37","guid":{"rendered":"http:\/\/gem-modeler.com\/?page_id=33"},"modified":"2023-03-24T18:22:03","modified_gmt":"2023-03-24T17:22:03","slug":"contacter","status":"publish","type":"page","link":"https:\/\/www.gem-modeler.com\/index.php\/contacter\/","title":{"rendered":"Contacter"},"content":{"rendered":"<div>\n<p>Gem&rsquo; Modeler c&rsquo;est aussi de la cr\u00e9ation de bijoux fantaisie \u00e0 partir de pierres gemmes et d&rsquo;autres \u00e9l\u00e9ments. Ceux-ci sont en vente sur notre boutique.<\/p>\n<p><a href=\"https:\/\/www.utopiedelyra.fr\/\" target=\"_blank\" rel=\"noopener\"><img loading=\"lazy\" decoding=\"async\" class=\"banniere_etsy alignnone\" src=\"http:\/\/gem-modeler.com\/wp-content\/uploads\/2023\/03\/Lien_Banniere_Etsy_moyen.jpg\" alt=\"Vers notre boutique\" width=\"785\" height=\"265\" \/><\/a><\/p>\n<\/div>\n<div><\/div>\n<div>\n<p><strong>Pour un contact par courrier \u00e9lectronique<\/strong><\/p>\n\n<div class=\"wpcf7 no-js\" id=\"wpcf7-f144-o1\" lang=\"fr-FR\" dir=\"ltr\">\n<div class=\"screen-reader-response\"><p role=\"status\" aria-live=\"polite\" aria-atomic=\"true\"><\/p> <ul><\/ul><\/div>\n<form action=\"\/index.php\/wp-json\/wp\/v2\/pages\/33#wpcf7-f144-o1\" method=\"post\" class=\"wpcf7-form init\" aria-label=\"Formulaire de contact\" novalidate=\"novalidate\" data-status=\"init\">\n<div style=\"display: none;\">\n<input type=\"hidden\" name=\"_wpcf7\" value=\"144\" \/>\n<input type=\"hidden\" name=\"_wpcf7_version\" value=\"5.7.5.1\" \/>\n<input type=\"hidden\" name=\"_wpcf7_locale\" value=\"fr_FR\" \/>\n<input type=\"hidden\" name=\"_wpcf7_unit_tag\" value=\"wpcf7-f144-o1\" \/>\n<input type=\"hidden\" name=\"_wpcf7_container_post\" value=\"0\" \/>\n<input type=\"hidden\" name=\"_wpcf7_posted_data_hash\" value=\"\" \/>\n<\/div>\n<p><label> Votre nom (obligatoire)<br \/>\n<span class=\"wpcf7-form-control-wrap\" data-name=\"your-name\"><input size=\"40\" class=\"wpcf7-form-control wpcf7-text wpcf7-validates-as-required\" aria-required=\"true\" aria-invalid=\"false\" value=\"\" type=\"text\" name=\"your-name\" \/><\/span> <\/label>\n<\/p>\n<p><label> Votre adresse de messagerie (obligatoire)<br \/>\n<span class=\"wpcf7-form-control-wrap\" data-name=\"your-email\"><input size=\"40\" class=\"wpcf7-form-control wpcf7-text wpcf7-email wpcf7-validates-as-required wpcf7-validates-as-email\" aria-required=\"true\" aria-invalid=\"false\" value=\"\" type=\"email\" name=\"your-email\" \/><\/span> <\/label>\n<\/p>\n<p><label> Objet<br \/>\n<span class=\"wpcf7-form-control-wrap\" data-name=\"your-subject\"><input size=\"40\" class=\"wpcf7-form-control wpcf7-text\" aria-invalid=\"false\" value=\"\" type=\"text\" name=\"your-subject\" \/><\/span> <\/label>\n<\/p>\n<p><label> Votre message<br \/>\n<span class=\"wpcf7-form-control-wrap\" data-name=\"your-message\"><textarea cols=\"40\" rows=\"10\" class=\"wpcf7-form-control wpcf7-textarea\" aria-invalid=\"false\" name=\"your-message\"><\/textarea><\/span> <\/label>\n<\/p>\n<p><div id=\"cf7sr-69f35da911805\" class=\"cf7sr-g-recaptcha\" data-sitekey=\"6LdOGrcbAAAAANfc0Iv-dAOXAZ39_6OlQ5NYXZaS\"><\/div><span class=\"wpcf7-form-control-wrap cf7sr-recaptcha\" data-name=\"cf7sr-recaptcha\"><input type=\"hidden\" name=\"cf7sr-recaptcha\" value=\"\" class=\"wpcf7-form-control\"><\/span>\n<\/p>\n<p><input class=\"wpcf7-form-control has-spinner wpcf7-submit\" type=\"submit\" value=\"Envoyer\" \/>\n<\/p><p style=\"display: none !important;\"><label>&#916;<textarea name=\"_wpcf7_ak_hp_textarea\" cols=\"45\" rows=\"8\" maxlength=\"100\"><\/textarea><\/label><input type=\"hidden\" id=\"ak_js_1\" name=\"_wpcf7_ak_js\" value=\"210\"\/><script>document.getElementById( \"ak_js_1\" ).setAttribute( \"value\", ( new Date() ).getTime() );<\/script><\/p><div class=\"wpcf7-response-output\" aria-hidden=\"true\"><\/div>\n<\/form>\n<\/div>\n\n<\/div>\n<p><!--\n\n\n<div style=\"text-align: center;\"><strong>Gem'Modeler sur Facebook\n<\/strong>\n[FBW]<\/div>\n\n\n--><\/p>\n","protected":false},"excerpt":{"rendered":"<p>Gem&rsquo; Modeler c&rsquo;est aussi de la cr\u00e9ation de bijoux fantaisie \u00e0 partir de pierres gemmes et d&rsquo;autres \u00e9l\u00e9ments. Ceux-ci sont en vente sur notre boutique. Pour un contact par courrier \u00e9lectronique<\/p>\n","protected":false},"author":1,"featured_media":0,"parent":0,"menu_order":0,"comment_status":"closed","ping_status":"closed","template":"","meta":{"footnotes":""},"tags":[],"class_list":["post-33","page","type-page","status-publish","hentry","without-featured-image"],"_links":{"self":[{"href":"https:\/\/www.gem-modeler.com\/index.php\/wp-json\/wp\/v2\/pages\/33","targetHints":{"allow":["GET"]}}],"collection":[{"href":"https:\/\/www.gem-modeler.com\/index.php\/wp-json\/wp\/v2\/pages"}],"about":[{"href":"https:\/\/www.gem-modeler.com\/index.php\/wp-json\/wp\/v2\/types\/page"}],"author":[{"embeddable":true,"href":"https:\/\/www.gem-modeler.com\/index.php\/wp-json\/wp\/v2\/users\/1"}],"replies":[{"embeddable":true,"href":"https:\/\/www.gem-modeler.com\/index.php\/wp-json\/wp\/v2\/comments?post=33"}],"version-history":[{"count":75,"href":"https:\/\/www.gem-modeler.com\/index.php\/wp-json\/wp\/v2\/pages\/33\/revisions"}],"predecessor-version":[{"id":675,"href":"https:\/\/www.gem-modeler.com\/index.php\/wp-json\/wp\/v2\/pages\/33\/revisions\/675"}],"wp:attachment":[{"href":"https:\/\/www.gem-modeler.com\/index.php\/wp-json\/wp\/v2\/media?parent=33"}],"wp:term":[{"taxonomy":"post_tag","embeddable":true,"href":"https:\/\/www.gem-modeler.com\/index.php\/wp-json\/wp\/v2\/tags?post=33"}],"curies":[{"name":"wp","href":"https:\/\/api.w.org\/{rel}","templated":true}]}}