{"id":35,"date":"2018-01-20T02:05:03","date_gmt":"2018-01-20T01:05:03","guid":{"rendered":"http:\/\/gem-modeler.com\/?page_id=35"},"modified":"2021-07-19T18:04:28","modified_gmt":"2021-07-19T16:04:28","slug":"creations","status":"publish","type":"page","link":"https:\/\/www.gem-modeler.com\/index.php\/creations\/","title":{"rendered":"Cr\u00e9ations"},"content":{"rendered":"<p>Cette page sera modifi\u00e9e au fur et \u00e0 mesure, n&rsquo;h\u00e9sitez pas \u00e0 y faire une visite ult\u00e9rieurement ! \ud83d\ude42<\/p>\n\t\r\n    <div class=\"gal-container\" id=\"slgf_247\">\r\n\t\t            <!--get the post id-->\r\n\t\t\t\r\n            <!--Gallery Title-->\r\n\t\t\t                <div class=\"slg_title_class\">\r\n\t\t\t\t\tVoici divers cr\u00e9ations de Gem\u2019 Modeler.                <\/div>\r\n\t\t\t\r\n            <div class=\"gallery1 lightgallery_247\">\r\n\t\t\t\t\t\t\t\t\t\t<div class=\"col-md-6 col-sm-6 wl-gallery\" data-src=\"http:\/\/gem-modeler.com\/wp-content\/uploads\/2021\/07\/soleil-3dprint-1-500x500.jpg\" >\r\n\r\n                            <div class=\"img-box-shadow\">\r\n\r\n\t\t\t\t\t\t\t\t\r\n                                <a title=\"Pendentif Soleil (impression laiton plaqu\u00e9 or)\" data-lightbox='swipebox_247' class=\"swipebox_247\"\r\n                                   href=\"http:\/\/gem-modeler.com\/wp-content\/uploads\/2021\/07\/soleil-3dprint-1.jpg\">\r\n                                    <div class=\"b-link-stroke b-animate-go\">\r\n                                        <img decoding=\"async\" src=\"http:\/\/gem-modeler.com\/wp-content\/uploads\/2021\/07\/soleil-3dprint-1-500x500.jpg\" class=\"gall-img-responsive\"\r\n                                             alt=\"Pendentif Soleil (impression laiton plaqu\u00e9 or)\">\r\n                                    <\/div>\r\n                                <\/a>\r\n                                <!--Gallery Label-->\r\n\t\t\t\t\t\t\t\t<div class=\"slgf_home_portfolio_caption\">\r\n\t\t\t\t\t\t\t\t\t\t\t\t\t\t\t\t\t\t<h3 class=\"b-wrapper\" style=\"color: \">\r\n\t\t\t\t\t\t\t\t\t\tPendentif Soleil (impression laiton plaqu\u00e9 or)\t\t\t\t\t\t\t\t\t<\/h3>\r\n\t\t\t\t\t\t\t\t\t\t\t\t\t\t\t\t\t\t<a style=\"padding:5px; font-size:12px;background-color:;color : \" id=\"same_page\" data-lightbox='swipebox_247' class=\"read_more_btn swipebox_247\"\r\n                                   href=\"http:\/\/gem-modeler.com\/wp-content\/uploads\/2021\/07\/soleil-3dprint-1.jpg\" title=\"Pendentif Soleil (impression laiton plaqu\u00e9 or)\" target=\"\">\r\n\t\t\t\t\t\t\t\t\t\t\t\t\t\t\t\t\t\t\t<\/a>\r\n\t\t\t\t\t\t\t\t<\/div>\t\t\t\t\t\t\t\t\r\n                            <\/div>\r\n                        <\/div>\r\n\t\t\t\t\t\t\t\t\t\t\t\t<div class=\"col-md-6 col-sm-6 wl-gallery\" data-src=\"http:\/\/gem-modeler.com\/wp-content\/uploads\/2021\/07\/soleilbrill-500x500.jpg\" >\r\n\r\n                            <div class=\"img-box-shadow\">\r\n\r\n\t\t\t\t\t\t\t\t\r\n                                <a title=\"Pendentif Soleil (r\u00e9sin\u00e9, bijou termin\u00e9)\" data-lightbox='swipebox_247' class=\"swipebox_247\"\r\n                                   href=\"http:\/\/gem-modeler.com\/wp-content\/uploads\/2021\/07\/soleilbrill.jpg\">\r\n                                    <div class=\"b-link-stroke b-animate-go\">\r\n                                        <img decoding=\"async\" src=\"http:\/\/gem-modeler.com\/wp-content\/uploads\/2021\/07\/soleilbrill-500x500.jpg\" class=\"gall-img-responsive\"\r\n                                             alt=\"Pendentif Soleil (r\u00e9sin\u00e9, bijou termin\u00e9)\">\r\n                                    <\/div>\r\n                                <\/a>\r\n                                <!--Gallery Label-->\r\n\t\t\t\t\t\t\t\t<div class=\"slgf_home_portfolio_caption\">\r\n\t\t\t\t\t\t\t\t\t\t\t\t\t\t\t\t\t\t<h3 class=\"b-wrapper\" style=\"color: \">\r\n\t\t\t\t\t\t\t\t\t\tPendentif Soleil (r\u00e9sin\u00e9, bijou termin\u00e9)\t\t\t\t\t\t\t\t\t<\/h3>\r\n\t\t\t\t\t\t\t\t\t\t\t\t\t\t\t\t\t\t<a style=\"padding:5px; font-size:12px;background-color:;color : \" id=\"same_page\" data-lightbox='swipebox_247' class=\"read_more_btn swipebox_247\"\r\n                                   href=\"http:\/\/gem-modeler.com\/wp-content\/uploads\/2021\/07\/soleilbrill.jpg\" title=\"Pendentif Soleil (r\u00e9sin\u00e9, bijou termin\u00e9)\" target=\"\">\r\n\t\t\t\t\t\t\t\t\t\t\t\t\t\t\t\t\t\t\t<\/a>\r\n\t\t\t\t\t\t\t\t<\/div>\t\t\t\t\t\t\t\t\r\n                            <\/div>\r\n                        <\/div>\r\n\t\t\t\t\t\t\t\t\t\t\t\t<div class=\"col-md-6 col-sm-6 wl-gallery\" data-src=\"http:\/\/gem-modeler.com\/wp-content\/uploads\/2018\/01\/fleurpdt3d-500x500.jpg\" >\r\n\r\n                            <div class=\"img-box-shadow\">\r\n\r\n\t\t\t\t\t\t\t\t\r\n                                <a title=\"Pendentif Fleur Stylis\u00e9e (r\u00e9sin\u00e9, termin\u00e9)\" data-lightbox='swipebox_247' class=\"swipebox_247\"\r\n                                   href=\"http:\/\/gem-modeler.com\/wp-content\/uploads\/2018\/01\/fleurpdt3d.jpg\">\r\n                                    <div class=\"b-link-stroke b-animate-go\">\r\n                                        <img decoding=\"async\" src=\"http:\/\/gem-modeler.com\/wp-content\/uploads\/2018\/01\/fleurpdt3d-500x500.jpg\" class=\"gall-img-responsive\"\r\n                                             alt=\"Pendentif Fleur Stylis\u00e9e (r\u00e9sin\u00e9, termin\u00e9)\">\r\n                                    <\/div>\r\n                                <\/a>\r\n                                <!--Gallery Label-->\r\n\t\t\t\t\t\t\t\t<div class=\"slgf_home_portfolio_caption\">\r\n\t\t\t\t\t\t\t\t\t\t\t\t\t\t\t\t\t\t<h3 class=\"b-wrapper\" style=\"color: \">\r\n\t\t\t\t\t\t\t\t\t\tPendentif Fleur Stylis\u00e9e (r\u00e9sin\u00e9, termin\u00e9)\t\t\t\t\t\t\t\t\t<\/h3>\r\n\t\t\t\t\t\t\t\t\t\t\t\t\t\t\t\t\t\t<a style=\"padding:5px; font-size:12px;background-color:;color : \" id=\"same_page\" data-lightbox='swipebox_247' class=\"read_more_btn swipebox_247\"\r\n                                   href=\"http:\/\/gem-modeler.com\/wp-content\/uploads\/2018\/01\/fleurpdt3d.jpg\" title=\"Pendentif Fleur Stylis\u00e9e (r\u00e9sin\u00e9, termin\u00e9)\" target=\"\">\r\n\t\t\t\t\t\t\t\t\t\t\t\t\t\t\t\t\t\t\t<\/a>\r\n\t\t\t\t\t\t\t\t<\/div>\t\t\t\t\t\t\t\t\r\n                            <\/div>\r\n                        <\/div>\r\n\t\t\t\t\t\t\t\t\t\t\t\t<div class=\"col-md-6 col-sm-6 wl-gallery\" data-src=\"http:\/\/gem-modeler.com\/wp-content\/uploads\/2021\/07\/fleur-3dprint-1-500x500.jpg\" >\r\n\r\n                            <div class=\"img-box-shadow\">\r\n\r\n\t\t\t\t\t\t\t\t\r\n                                <a title=\"Pendentif Fleur Stylis\u00e9e (impression laiton rhodi\u00e9 blanc)\" data-lightbox='swipebox_247' class=\"swipebox_247\"\r\n                                   href=\"http:\/\/gem-modeler.com\/wp-content\/uploads\/2021\/07\/fleur-3dprint-1.jpg\">\r\n                                    <div class=\"b-link-stroke b-animate-go\">\r\n                                        <img decoding=\"async\" src=\"http:\/\/gem-modeler.com\/wp-content\/uploads\/2021\/07\/fleur-3dprint-1-500x500.jpg\" class=\"gall-img-responsive\"\r\n                                             alt=\"Pendentif Fleur Stylis\u00e9e (impression laiton rhodi\u00e9 blanc)\">\r\n                                    <\/div>\r\n                                <\/a>\r\n                                <!--Gallery Label-->\r\n\t\t\t\t\t\t\t\t<div class=\"slgf_home_portfolio_caption\">\r\n\t\t\t\t\t\t\t\t\t\t\t\t\t\t\t\t\t\t<h3 class=\"b-wrapper\" style=\"color: \">\r\n\t\t\t\t\t\t\t\t\t\tPendentif Fleur Stylis\u00e9e (impression laiton rhodi\u00e9 blanc)\t\t\t\t\t\t\t\t\t<\/h3>\r\n\t\t\t\t\t\t\t\t\t\t\t\t\t\t\t\t\t\t<a style=\"padding:5px; font-size:12px;background-color:;color : \" id=\"same_page\" data-lightbox='swipebox_247' class=\"read_more_btn swipebox_247\"\r\n                                   href=\"http:\/\/gem-modeler.com\/wp-content\/uploads\/2021\/07\/fleur-3dprint-1.jpg\" title=\"Pendentif Fleur Stylis\u00e9e (impression laiton rhodi\u00e9 blanc)\" target=\"\">\r\n\t\t\t\t\t\t\t\t\t\t\t\t\t\t\t\t\t\t\t<\/a>\r\n\t\t\t\t\t\t\t\t<\/div>\t\t\t\t\t\t\t\t\r\n                            <\/div>\r\n                        <\/div>\r\n\t\t\t\t\t\t\t\t\t\t\t\t<div class=\"col-md-6 col-sm-6 wl-gallery\" data-src=\"http:\/\/gem-modeler.com\/wp-content\/uploads\/2021\/07\/\u00e9toile-3dprint-1-500x500.jpg\" >\r\n\r\n                            <div class=\"img-box-shadow\">\r\n\r\n\t\t\t\t\t\t\t\t\r\n                                <a title=\"Pendentif \u00c9toile (Impression laiton rhodi\u00e9 blanc)\" data-lightbox='swipebox_247' class=\"swipebox_247\"\r\n                                   href=\"http:\/\/gem-modeler.com\/wp-content\/uploads\/2021\/07\/\u00e9toile-3dprint-1.jpg\">\r\n                                    <div class=\"b-link-stroke b-animate-go\">\r\n                                        <img decoding=\"async\" src=\"http:\/\/gem-modeler.com\/wp-content\/uploads\/2021\/07\/\u00e9toile-3dprint-1-500x500.jpg\" class=\"gall-img-responsive\"\r\n                                             alt=\"Pendentif \u00c9toile (Impression laiton rhodi\u00e9 blanc)\">\r\n                                    <\/div>\r\n                                <\/a>\r\n                                <!--Gallery Label-->\r\n\t\t\t\t\t\t\t\t<div class=\"slgf_home_portfolio_caption\">\r\n\t\t\t\t\t\t\t\t\t\t\t\t\t\t\t\t\t\t<h3 class=\"b-wrapper\" style=\"color: \">\r\n\t\t\t\t\t\t\t\t\t\tPendentif \u00c9toile (Impression laiton rhodi\u00e9 blanc)\t\t\t\t\t\t\t\t\t<\/h3>\r\n\t\t\t\t\t\t\t\t\t\t\t\t\t\t\t\t\t\t<a style=\"padding:5px; font-size:12px;background-color:;color : \" id=\"same_page\" data-lightbox='swipebox_247' class=\"read_more_btn swipebox_247\"\r\n                                   href=\"http:\/\/gem-modeler.com\/wp-content\/uploads\/2021\/07\/\u00e9toile-3dprint-1.jpg\" title=\"Pendentif \u00c9toile (Impression laiton rhodi\u00e9 blanc)\" target=\"\">\r\n\t\t\t\t\t\t\t\t\t\t\t\t\t\t\t\t\t\t\t<\/a>\r\n\t\t\t\t\t\t\t\t<\/div>\t\t\t\t\t\t\t\t\r\n                            <\/div>\r\n                        <\/div>\r\n\t\t\t\t\t\t\t\t\t\t\t\t<div class=\"col-md-6 col-sm-6 wl-gallery\" data-src=\"http:\/\/gem-modeler.com\/wp-content\/uploads\/2021\/07\/e\u0301toilearr-500x500.jpg\" >\r\n\r\n                            <div class=\"img-box-shadow\">\r\n\r\n\t\t\t\t\t\t\t\t\r\n                                <a title=\"Pendentif \u00c9toile (r\u00e9sin\u00e9)\" data-lightbox='swipebox_247' class=\"swipebox_247\"\r\n                                   href=\"http:\/\/gem-modeler.com\/wp-content\/uploads\/2021\/07\/e\u0301toilearr.jpg\">\r\n                                    <div class=\"b-link-stroke b-animate-go\">\r\n                                        <img decoding=\"async\" src=\"http:\/\/gem-modeler.com\/wp-content\/uploads\/2021\/07\/e\u0301toilearr-500x500.jpg\" class=\"gall-img-responsive\"\r\n                                             alt=\"Pendentif \u00c9toile (r\u00e9sin\u00e9)\">\r\n                                    <\/div>\r\n                                <\/a>\r\n                                <!--Gallery Label-->\r\n\t\t\t\t\t\t\t\t<div class=\"slgf_home_portfolio_caption\">\r\n\t\t\t\t\t\t\t\t\t\t\t\t\t\t\t\t\t\t<h3 class=\"b-wrapper\" style=\"color: \">\r\n\t\t\t\t\t\t\t\t\t\tPendentif \u00c9toile (r\u00e9sin\u00e9)\t\t\t\t\t\t\t\t\t<\/h3>\r\n\t\t\t\t\t\t\t\t\t\t\t\t\t\t\t\t\t\t<a style=\"padding:5px; font-size:12px;background-color:;color : \" id=\"same_page\" data-lightbox='swipebox_247' class=\"read_more_btn swipebox_247\"\r\n                                   href=\"http:\/\/gem-modeler.com\/wp-content\/uploads\/2021\/07\/e\u0301toilearr.jpg\" title=\"Pendentif \u00c9toile (r\u00e9sin\u00e9)\" target=\"\">\r\n\t\t\t\t\t\t\t\t\t\t\t\t\t\t\t\t\t\t\t<\/a>\r\n\t\t\t\t\t\t\t\t<\/div>\t\t\t\t\t\t\t\t\r\n                            <\/div>\r\n                        <\/div>\r\n\t\t\t\t\t\t\t\t\t\t\t\t<div class=\"col-md-6 col-sm-6 wl-gallery\" data-src=\"http:\/\/gem-modeler.com\/wp-content\/uploads\/2018\/01\/218172799_2607983262839005_6808173726967240251_n-500x500.jpg\" >\r\n\r\n                            <div class=\"img-box-shadow\">\r\n\r\n\t\t\t\t\t\t\t\t\r\n                                <a title=\"Photophore fleuri (imprim\u00e9 en r\u00e9sine)\" data-lightbox='swipebox_247' class=\"swipebox_247\"\r\n                                   href=\"http:\/\/gem-modeler.com\/wp-content\/uploads\/2018\/01\/218172799_2607983262839005_6808173726967240251_n.jpg\">\r\n                                    <div class=\"b-link-stroke b-animate-go\">\r\n                                        <img decoding=\"async\" src=\"http:\/\/gem-modeler.com\/wp-content\/uploads\/2018\/01\/218172799_2607983262839005_6808173726967240251_n-500x500.jpg\" class=\"gall-img-responsive\"\r\n                                             alt=\"Photophore fleuri (imprim\u00e9 en r\u00e9sine)\">\r\n                                    <\/div>\r\n                                <\/a>\r\n                                <!--Gallery Label-->\r\n\t\t\t\t\t\t\t\t<div class=\"slgf_home_portfolio_caption\">\r\n\t\t\t\t\t\t\t\t\t\t\t\t\t\t\t\t\t\t<h3 class=\"b-wrapper\" style=\"color: \">\r\n\t\t\t\t\t\t\t\t\t\tPhotophore fleuri (imprim\u00e9 en r\u00e9sine)\t\t\t\t\t\t\t\t\t<\/h3>\r\n\t\t\t\t\t\t\t\t\t\t\t\t\t\t\t\t\t\t<a style=\"padding:5px; font-size:12px;background-color:;color : \" id=\"same_page\" data-lightbox='swipebox_247' class=\"read_more_btn swipebox_247\"\r\n                                   href=\"http:\/\/gem-modeler.com\/wp-content\/uploads\/2018\/01\/218172799_2607983262839005_6808173726967240251_n.jpg\" title=\"Photophore fleuri (imprim\u00e9 en r\u00e9sine)\" target=\"\">\r\n\t\t\t\t\t\t\t\t\t\t\t\t\t\t\t\t\t\t\t<\/a>\r\n\t\t\t\t\t\t\t\t<\/div>\t\t\t\t\t\t\t\t\r\n                            <\/div>\r\n                        <\/div>\r\n\t\t\t\t\t\t\t\t\t\t\t\t<div class=\"col-md-6 col-sm-6 wl-gallery\" data-src=\"http:\/\/gem-modeler.com\/wp-content\/uploads\/2018\/01\/217967300_213752533988606_7534851626091008379_n-500x500.jpg\" >\r\n\r\n                            <div class=\"img-box-shadow\">\r\n\r\n\t\t\t\t\t\t\t\t\r\n                                <a title=\"Photophore fleuri (imprim\u00e9 en r\u00e9sine, allum\u00e9)\" data-lightbox='swipebox_247' class=\"swipebox_247\"\r\n                                   href=\"http:\/\/gem-modeler.com\/wp-content\/uploads\/2018\/01\/217967300_213752533988606_7534851626091008379_n.jpg\">\r\n                                    <div class=\"b-link-stroke b-animate-go\">\r\n                                        <img decoding=\"async\" src=\"http:\/\/gem-modeler.com\/wp-content\/uploads\/2018\/01\/217967300_213752533988606_7534851626091008379_n-500x500.jpg\" class=\"gall-img-responsive\"\r\n                                             alt=\"Photophore fleuri (imprim\u00e9 en r\u00e9sine, allum\u00e9)\">\r\n                                    <\/div>\r\n                                <\/a>\r\n                                <!--Gallery Label-->\r\n\t\t\t\t\t\t\t\t<div class=\"slgf_home_portfolio_caption\">\r\n\t\t\t\t\t\t\t\t\t\t\t\t\t\t\t\t\t\t<h3 class=\"b-wrapper\" style=\"color: \">\r\n\t\t\t\t\t\t\t\t\t\tPhotophore fleuri (imprim\u00e9 en r\u00e9sine, allum\u00e9)\t\t\t\t\t\t\t\t\t<\/h3>\r\n\t\t\t\t\t\t\t\t\t\t\t\t\t\t\t\t\t\t<a style=\"padding:5px; font-size:12px;background-color:;color : \" id=\"same_page\" data-lightbox='swipebox_247' class=\"read_more_btn swipebox_247\"\r\n                                   href=\"http:\/\/gem-modeler.com\/wp-content\/uploads\/2018\/01\/217967300_213752533988606_7534851626091008379_n.jpg\" title=\"Photophore fleuri (imprim\u00e9 en r\u00e9sine, allum\u00e9)\" target=\"\">\r\n\t\t\t\t\t\t\t\t\t\t\t\t\t\t\t\t\t\t\t<\/a>\r\n\t\t\t\t\t\t\t\t<\/div>\t\t\t\t\t\t\t\t\r\n                            <\/div>\r\n                        <\/div>\r\n\t\t\t\t\t\t            <\/div>\r\n\t\t    <\/div>\r\n\r\n    <!-- Swipe Box-->\r\n    \n","protected":false},"excerpt":{"rendered":"<p>Cette page sera modifi\u00e9e au fur et \u00e0 mesure, n&rsquo;h\u00e9sitez pas \u00e0 y faire une visite ult\u00e9rieurement ! \ud83d\ude42<\/p>\n","protected":false},"author":1,"featured_media":0,"parent":0,"menu_order":0,"comment_status":"closed","ping_status":"closed","template":"","meta":{"footnotes":""},"tags":[],"class_list":["post-35","page","type-page","status-publish","hentry","without-featured-image"],"_links":{"self":[{"href":"https:\/\/www.gem-modeler.com\/index.php\/wp-json\/wp\/v2\/pages\/35","targetHints":{"allow":["GET"]}}],"collection":[{"href":"https:\/\/www.gem-modeler.com\/index.php\/wp-json\/wp\/v2\/pages"}],"about":[{"href":"https:\/\/www.gem-modeler.com\/index.php\/wp-json\/wp\/v2\/types\/page"}],"author":[{"embeddable":true,"href":"https:\/\/www.gem-modeler.com\/index.php\/wp-json\/wp\/v2\/users\/1"}],"replies":[{"embeddable":true,"href":"https:\/\/www.gem-modeler.com\/index.php\/wp-json\/wp\/v2\/comments?post=35"}],"version-history":[{"count":7,"href":"https:\/\/www.gem-modeler.com\/index.php\/wp-json\/wp\/v2\/pages\/35\/revisions"}],"predecessor-version":[{"id":310,"href":"https:\/\/www.gem-modeler.com\/index.php\/wp-json\/wp\/v2\/pages\/35\/revisions\/310"}],"wp:attachment":[{"href":"https:\/\/www.gem-modeler.com\/index.php\/wp-json\/wp\/v2\/media?parent=35"}],"wp:term":[{"taxonomy":"post_tag","embeddable":true,"href":"https:\/\/www.gem-modeler.com\/index.php\/wp-json\/wp\/v2\/tags?post=35"}],"curies":[{"name":"wp","href":"https:\/\/api.w.org\/{rel}","templated":true}]}}