{"id":638,"date":"2022-09-01T17:08:19","date_gmt":"2022-09-01T15:08:19","guid":{"rendered":"http:\/\/www.gem-modeler.com\/?page_id=638"},"modified":"2022-09-02T18:23:17","modified_gmt":"2022-09-02T16:23:17","slug":"mentions-legales","status":"publish","type":"page","link":"https:\/\/www.gem-modeler.com\/index.php\/mentions-legales\/","title":{"rendered":"Mentions l\u00e9gales"},"content":{"rendered":"<p>&nbsp;<\/p>\n<p style=\"text-align: center;\"><strong>INFORMATIONS L\u00c9GALES<\/strong><\/p>\n<p style=\"text-align: left;\" class=\"mentionslegales\">Gem\u2019 Modeler est une micro-entreprise de mod\u00e9lisation 3D et confection de bijoux.<\/h6>\n<p style=\"text-align: left;\" class=\"mentionslegales\">Edit\u00e9 et publi\u00e9 par G\u00e9raldine Todesco, domicili\u00e9e au 517, Route de Segonzac, 24350 Mensignac (Dordogne).<\/h6>\n<p style=\"text-align: left;\" class=\"mentionslegales\">SIRET : 83320520600018<\/h6>\n<p style=\"text-align: left;\" class=\"mentionslegales\">E-mail : contact@gem-modeler.com<\/h6>\n<p style=\"text-align: left;\" class=\"mentionslegales\">Ce site \u00e9dit\u00e9 et publi\u00e9 par G\u00e9raldine Todesco (coordonn\u00e9es ci-dessus).<\/h6>\n<p>&nbsp;<\/p>\n<p style=\"text-align: left;\">Ce site est h\u00e9berg\u00e9 par <strong>OVH SAS<\/strong><\/p>\n<p style=\"text-align: left;\" class=\"mentionslegales\">RCS Lille M\u00e9tropole 424 761 419 00045<\/p>\n<p style=\"text-align: left;\" class=\"mentionslegales\">Code APE 2620Z<\/p>\n<p style=\"text-align: left;\" class=\"mentionslegales\">N\u00b0 TVA : FR 22 424 761 419<\/p>\n<p style=\"text-align: left;\" class=\"mentionslegales\">Si\u00e8ge social : 2 rue Kellermann &#8211; 59100 Roubaix \u2013 France<\/p>\n","protected":false},"excerpt":{"rendered":"<p>&nbsp; INFORMATIONS L\u00c9GALES Gem\u2019 Modeler est une micro-entreprise de mod\u00e9lisation 3D et confection de bijoux. Edit\u00e9 et publi\u00e9 par G\u00e9raldine Todesco, domicili\u00e9e au 517, Route de Segonzac, 24350 Mensignac (Dordogne). SIRET : 83320520600018 E-mail : contact@gem-modeler.com Ce site \u00e9dit\u00e9 et publi\u00e9 par G\u00e9raldine Todesco (coordonn\u00e9es ci-dessus). &nbsp; Ce site est h\u00e9berg\u00e9 par OVH SAS RCS&hellip; <a href=\"https:\/\/www.gem-modeler.com\/index.php\/mentions-legales\/\" class=\"more-link\">Lire la suite <span class=\"screen-reader-text\">Mentions l\u00e9gales<\/span><\/a><\/p>\n","protected":false},"author":1,"featured_media":0,"parent":0,"menu_order":0,"comment_status":"closed","ping_status":"closed","template":"","meta":{"footnotes":""},"tags":[],"class_list":["post-638","page","type-page","status-publish","hentry","without-featured-image"],"_links":{"self":[{"href":"https:\/\/www.gem-modeler.com\/index.php\/wp-json\/wp\/v2\/pages\/638","targetHints":{"allow":["GET"]}}],"collection":[{"href":"https:\/\/www.gem-modeler.com\/index.php\/wp-json\/wp\/v2\/pages"}],"about":[{"href":"https:\/\/www.gem-modeler.com\/index.php\/wp-json\/wp\/v2\/types\/page"}],"author":[{"embeddable":true,"href":"https:\/\/www.gem-modeler.com\/index.php\/wp-json\/wp\/v2\/users\/1"}],"replies":[{"embeddable":true,"href":"https:\/\/www.gem-modeler.com\/index.php\/wp-json\/wp\/v2\/comments?post=638"}],"version-history":[{"count":18,"href":"https:\/\/www.gem-modeler.com\/index.php\/wp-json\/wp\/v2\/pages\/638\/revisions"}],"predecessor-version":[{"id":668,"href":"https:\/\/www.gem-modeler.com\/index.php\/wp-json\/wp\/v2\/pages\/638\/revisions\/668"}],"wp:attachment":[{"href":"https:\/\/www.gem-modeler.com\/index.php\/wp-json\/wp\/v2\/media?parent=638"}],"wp:term":[{"taxonomy":"post_tag","embeddable":true,"href":"https:\/\/www.gem-modeler.com\/index.php\/wp-json\/wp\/v2\/tags?post=638"}],"curies":[{"name":"wp","href":"https:\/\/api.w.org\/{rel}","templated":true}]}}